{"id":987,"date":"2022-06-03T11:08:55","date_gmt":"2022-06-03T11:08:55","guid":{"rendered":"https:\/\/pereesteve.com\/serveis"},"modified":"2022-07-12T13:42:05","modified_gmt":"2022-07-12T13:42:05","slug":"servicios","status":"publish","type":"page","link":"https:\/\/pereesteve.com\/es\/servicios","title":{"rendered":"Servicios"},"content":{"rendered":"<p>[et_pb_section fb_built=\u00bb1&#8243; custom_padding_last_edited=\u00bbon|phone\u00bb next_background_color=\u00bb#ffffff\u00bb admin_label=\u00bbHero\u00bb _builder_version=\u00bb4.17.4&#8243; _module_preset=\u00bbdefault\u00bb use_background_color_gradient=\u00bbon\u00bb background_color_gradient_stops=\u00bbrgba(217,7,8,0.3) 0%|rgba(10,0,0,0.56) 78%\u00bb background_color_gradient_overlays_image=\u00bbon\u00bb background_color_gradient_start=\u00bbrgba(49,128,192,0.2)\u00bb background_color_gradient_end=\u00bbrgba(49,128,192,0.6)\u00bb background_image=\u00bbhttps:\/\/pereesteve.com\/wp-content\/uploads\/2022\/06\/pattern-of-white-granite-texture.jpg\u00bb custom_margin=\u00bb||||false|false\u00bb custom_margin_tablet=\u00bb|-49px|||false|false\u00bb custom_margin_phone=\u00bb|-10px|||false|false\u00bb custom_margin_last_edited=\u00bboff|desktop\u00bb custom_padding=\u00bb0vw||0vw||true|false\u00bb custom_padding_tablet=\u00bb100px||100px|\u00bb custom_padding_phone=\u00bb50px||50px||false|false\u00bb bottom_divider_style=\u00bbarrow2&#8243; animation_style=\u00bbslide\u00bb animation_direction=\u00bbleft\u00bb animation_intensity_slide=\u00bb5%\u00bb hover_enabled=\u00bb0&#8243; border_radii=\u00bboff||||\u00bb border_color_all=\u00bb#0ee1f4&#8243; border_color_right=\u00bb#d90708&#8243; global_colors_info=\u00bb{}\u00bb sticky_enabled=\u00bb0&#8243;][et_pb_row _builder_version=\u00bb4.16&#8243; _module_preset=\u00bbdefault\u00bb custom_padding=\u00bb7px|0px|47px|0px||\u00bb global_colors_info=\u00bb{}\u00bb][et_pb_column type=\u00bb4_4&#8243; _builder_version=\u00bb4.16&#8243; _module_preset=\u00bbdefault\u00bb custom_padding=\u00bb|||\u00bb global_colors_info=\u00bb{}\u00bb custom_padding__hover=\u00bb|||\u00bb][et_pb_image src=\u00bbhttps:\/\/pereesteve.com\/wp-content\/uploads\/2022\/06\/camion-de-remolque.png\u00bb title_text=\u00bbcamion-de-remolque\u00bb align=\u00bbcenter\u00bb _builder_version=\u00bb4.17.4&#8243; _module_preset=\u00bbdefault\u00bb width=\u00bb70px\u00bb custom_margin=\u00bb||-7px|||\u00bb custom_padding=\u00bb12px|||||\u00bb always_center_on_mobile=\u00bboff\u00bb locked=\u00bboff\u00bb global_colors_info=\u00bb{}\u00bb][\/et_pb_image][et_pb_text admin_label=\u00bbText\u00bb _builder_version=\u00bb4.17.4&#8243; _module_preset=\u00bbdefault\u00bb text_font=\u00bbMontserrat|300|||||||\u00bb text_font_size=\u00bb22px\u00bb text_line_height=\u00bb1.8em\u00bb ul_font=\u00bb||||||||\u00bb header_font=\u00bbQuattrocento|500|||||||\u00bb header_font_size=\u00bb90px\u00bb header_line_height=\u00bb1.2em\u00bb text_orientation=\u00bbcenter\u00bb background_layout=\u00bbdark\u00bb module_alignment=\u00bbcenter\u00bb custom_margin=\u00bb||-8px|||\u00bb custom_padding=\u00bb||0px|||\u00bb text_line_height_tablet=\u00bb2em\u00bb text_line_height_phone=\u00bb2em\u00bb text_line_height_last_edited=\u00bboff|desktop\u00bb header_font_size_tablet=\u00bb40px\u00bb header_font_size_phone=\u00bb\u00bb header_font_size_last_edited=\u00bbon|tablet\u00bb header_line_height_tablet=\u00bb1.2em\u00bb header_line_height_phone=\u00bb1.1em\u00bb header_line_height_last_edited=\u00bbon|phone\u00bb header_text_shadow_style=\u00bbpreset3&#8243; header_text_shadow_color=\u00bbrgba(0,0,0,0.06)\u00bb global_colors_info=\u00bb{}\u00bb]<\/p>\n<h1>Servicios<\/h1>\n<p>[\/et_pb_text][et_pb_button button_url=\u00bb\/es\/contacto\u00bb button_text=\u00bbM\u00e1s informaci\u00f3n\u00bb button_alignment=\u00bbcenter\u00bb _builder_version=\u00bb4.17.4&#8243; _module_preset=\u00bbdefault\u00bb background_layout=\u00bbdark\u00bb custom_margin=\u00bb5px|||||\u00bb custom_padding=\u00bb||0px|||\u00bb global_colors_info=\u00bb{}\u00bb button_text_size__hover_enabled=\u00bboff\u00bb button_one_text_size__hover_enabled=\u00bboff\u00bb button_two_text_size__hover_enabled=\u00bboff\u00bb button_text_color__hover_enabled=\u00bboff\u00bb button_one_text_color__hover_enabled=\u00bboff\u00bb button_two_text_color__hover_enabled=\u00bboff\u00bb button_border_width__hover_enabled=\u00bboff\u00bb button_one_border_width__hover_enabled=\u00bboff\u00bb button_two_border_width__hover_enabled=\u00bboff\u00bb button_border_color__hover_enabled=\u00bboff\u00bb button_one_border_color__hover_enabled=\u00bboff\u00bb button_two_border_color__hover_enabled=\u00bboff\u00bb button_border_radius__hover_enabled=\u00bboff\u00bb button_one_border_radius__hover_enabled=\u00bboff\u00bb button_two_border_radius__hover_enabled=\u00bboff\u00bb button_letter_spacing__hover_enabled=\u00bboff\u00bb button_one_letter_spacing__hover_enabled=\u00bboff\u00bb button_two_letter_spacing__hover_enabled=\u00bboff\u00bb button_bg_color__hover_enabled=\u00bboff\u00bb button_one_bg_color__hover_enabled=\u00bboff\u00bb button_two_bg_color__hover_enabled=\u00bboff\u00bb][\/et_pb_button][\/et_pb_column][\/et_pb_row][\/et_pb_section][et_pb_section fb_built=\u00bb1&#8243; module_id=\u00bbcoverflow-carousel\u00bb _builder_version=\u00bb4.17.4&#8243; background_enable_image=\u00bboff\u00bb custom_margin=\u00bb||7px|||\u00bb custom_padding=\u00bb0px||0px||true|false\u00bb global_colors_info=\u00bb{}\u00bb][et_pb_row column_structure=\u00bb1_3,1_3,1_3&#8243; _builder_version=\u00bb4.17.4&#8243; _module_preset=\u00bbdefault\u00bb custom_padding=\u00bb50px|||||\u00bb global_colors_info=\u00bb{}\u00bb][et_pb_column type=\u00bb1_3&#8243; _builder_version=\u00bb4.17.4&#8243; _module_preset=\u00bbdefault\u00bb global_colors_info=\u00bb{}\u00bb][et_pb_blurb use_icon=\u00bbon\u00bb font_icon=\u00bb&#xe038;||divi||400&#8243; icon_color=\u00bb#07000a\u00bb icon_placement=\u00bbleft\u00bb image_icon_width=\u00bb40px\u00bb _builder_version=\u00bb4.17.4&#8243; _module_preset=\u00bbdefault\u00bb body_font=\u00bbQuattrocento||||||||\u00bb body_text_color=\u00bb#000000&#8243; body_font_size=\u00bb19px\u00bb custom_padding=\u00bb4px|||||\u00bb global_colors_info=\u00bb{}\u00bb]Para llevar nuestros productos a casa u obra, disponemos de camiones-desea (de 26 y 12 toneladas) y de furgonetas.[\/et_pb_blurb][\/et_pb_column][et_pb_column type=\u00bb1_3&#8243; _builder_version=\u00bb4.17.4&#8243; _module_preset=\u00bbdefault\u00bb global_colors_info=\u00bb{}\u00bb][et_pb_blurb use_icon=\u00bbon\u00bb font_icon=\u00bb&#xe038;||divi||400&#8243; icon_color=\u00bb#07000a\u00bb icon_placement=\u00bbleft\u00bb image_icon_width=\u00bb40px\u00bb _builder_version=\u00bb4.17.4&#8243; _module_preset=\u00bbdefault\u00bb body_font=\u00bbQuattrocento||||||||\u00bb body_text_color=\u00bb#000000&#8243; body_font_size=\u00bb19px\u00bb global_colors_info=\u00bb{}\u00bb]<\/p>\n<p>Los asesoramos e informamos gratuitamente en todo lo referente a construcci\u00f3n y rehabilitaciones<\/p>\n<p>[\/et_pb_blurb][\/et_pb_column][et_pb_column type=\u00bb1_3&#8243; _builder_version=\u00bb4.17.4&#8243; _module_preset=\u00bbdefault\u00bb global_colors_info=\u00bb{}\u00bb][et_pb_blurb use_icon=\u00bbon\u00bb font_icon=\u00bb&#xe038;||divi||400&#8243; icon_color=\u00bb#07000a\u00bb icon_placement=\u00bbleft\u00bb image_icon_width=\u00bb40px\u00bb _builder_version=\u00bb4.17.4&#8243; _module_preset=\u00bbdefault\u00bb body_font=\u00bbQuattrocento||||||||\u00bb body_text_color=\u00bb#000000&#8243; body_font_size=\u00bb19px\u00bb global_colors_info=\u00bb{}\u00bb]Tambi\u00e9n disponemos de servicio de cubilote, para elevar hormig\u00f3n.[\/et_pb_blurb][\/et_pb_column][\/et_pb_row][et_pb_row column_structure=\u00bb1_2,1_2&#8243; _builder_version=\u00bb4.17.4&#8243; _module_preset=\u00bbdefault\u00bb custom_padding=\u00bb||70px|||\u00bb global_colors_info=\u00bb{}\u00bb][et_pb_column type=\u00bb1_2&#8243; _builder_version=\u00bb4.17.4&#8243; _module_preset=\u00bbdefault\u00bb global_colors_info=\u00bb{}\u00bb][et_pb_image src=\u00bbhttps:\/\/pereesteve.com\/wp-content\/uploads\/2022\/06\/servicios211.jpg\u00bb title_text=\u00bbservicios211&#8243; _builder_version=\u00bb4.17.4&#8243; _module_preset=\u00bbdefault\u00bb box_shadow_style=\u00bbpreset1&#8243; global_colors_info=\u00bb{}\u00bb][\/et_pb_image][\/et_pb_column][et_pb_column type=\u00bb1_2&#8243; _builder_version=\u00bb4.17.4&#8243; _module_preset=\u00bbdefault\u00bb global_colors_info=\u00bb{}\u00bb][et_pb_image src=\u00bbhttps:\/\/pereesteve.com\/wp-content\/uploads\/2022\/06\/servicios21.jpg\u00bb title_text=\u00bbservicios21&#8243; _builder_version=\u00bb4.17.4&#8243; _module_preset=\u00bbdefault\u00bb box_shadow_style=\u00bbpreset1&#8243; global_colors_info=\u00bb{}\u00bb][\/et_pb_image][\/et_pb_column][\/et_pb_row][\/et_pb_section]<\/p>\n","protected":false},"excerpt":{"rendered":"<p>ServiciosPara llevar nuestros productos a casa u obra, disponemos de camiones-desea (de 26 y 12 toneladas) y de furgonetas.Los asesoramos e informamos gratuitamente en todo lo referente a construcci\u00f3n y rehabilitacionesTambi\u00e9n disponemos de servicio de cubilote, para elevar hormig\u00f3n.<\/p>\n","protected":false},"author":1,"featured_media":0,"parent":0,"menu_order":0,"comment_status":"closed","ping_status":"closed","template":"","meta":{"_et_pb_use_builder":"on","_et_pb_old_content":"","_et_gb_content_width":"","footnotes":""},"class_list":["post-987","page","type-page","status-publish","hentry"],"yoast_head":"<!-- This site is optimized with the Yoast SEO plugin v26.8 - https:\/\/yoast.com\/product\/yoast-seo-wordpress\/ -->\n<title>Servicios - Pere Esteve<\/title>\n<meta name=\"robots\" content=\"index, follow, max-snippet:-1, max-image-preview:large, max-video-preview:-1\" \/>\n<link rel=\"canonical\" href=\"https:\/\/pereesteve.com\/es\/servicios\" \/>\n<meta property=\"og:locale\" content=\"es_ES\" \/>\n<meta property=\"og:type\" content=\"article\" \/>\n<meta property=\"og:title\" content=\"Servicios - Pere Esteve\" \/>\n<meta property=\"og:description\" content=\"ServiciosPara llevar nuestros productos a casa u obra, disponemos de camiones-desea (de 26 y 12 toneladas) y de furgonetas.Los asesoramos e informamos gratuitamente en todo lo referente a construcci\u00f3n y rehabilitacionesTambi\u00e9n disponemos de servicio de cubilote, para elevar hormig\u00f3n.\" \/>\n<meta property=\"og:url\" content=\"https:\/\/pereesteve.com\/es\/servicios\" \/>\n<meta property=\"og:site_name\" content=\"Pere Esteve\" \/>\n<meta property=\"article:modified_time\" content=\"2022-07-12T13:42:05+00:00\" \/>\n<meta name=\"twitter:card\" content=\"summary_large_image\" \/>\n<meta name=\"twitter:label1\" content=\"Tiempo de lectura\" \/>\n\t<meta name=\"twitter:data1\" content=\"4 minutos\" \/>\n<script type=\"application\/ld+json\" class=\"yoast-schema-graph\">{\"@context\":\"https:\/\/schema.org\",\"@graph\":[{\"@type\":\"WebPage\",\"@id\":\"https:\/\/pereesteve.com\/es\/servicios\",\"url\":\"https:\/\/pereesteve.com\/es\/servicios\",\"name\":\"Servicios - Pere Esteve\",\"isPartOf\":{\"@id\":\"https:\/\/pereesteve.com\/#website\"},\"datePublished\":\"2022-06-03T11:08:55+00:00\",\"dateModified\":\"2022-07-12T13:42:05+00:00\",\"inLanguage\":\"es\",\"potentialAction\":[{\"@type\":\"ReadAction\",\"target\":[\"https:\/\/pereesteve.com\/es\/servicios\"]}]},{\"@type\":\"WebSite\",\"@id\":\"https:\/\/pereesteve.com\/#website\",\"url\":\"https:\/\/pereesteve.com\/\",\"name\":\"Pere Esteve\",\"description\":\"Otro sitio realizado con WordPress\",\"potentialAction\":[{\"@type\":\"SearchAction\",\"target\":{\"@type\":\"EntryPoint\",\"urlTemplate\":\"https:\/\/pereesteve.com\/?s={search_term_string}\"},\"query-input\":{\"@type\":\"PropertyValueSpecification\",\"valueRequired\":true,\"valueName\":\"search_term_string\"}}],\"inLanguage\":\"es\"}]}<\/script>\n<!-- \/ Yoast SEO plugin. -->","yoast_head_json":{"title":"Servicios - Pere Esteve","robots":{"index":"index","follow":"follow","max-snippet":"max-snippet:-1","max-image-preview":"max-image-preview:large","max-video-preview":"max-video-preview:-1"},"canonical":"https:\/\/pereesteve.com\/es\/servicios","og_locale":"es_ES","og_type":"article","og_title":"Servicios - Pere Esteve","og_description":"ServiciosPara llevar nuestros productos a casa u obra, disponemos de camiones-desea (de 26 y 12 toneladas) y de furgonetas.Los asesoramos e informamos gratuitamente en todo lo referente a construcci\u00f3n y rehabilitacionesTambi\u00e9n disponemos de servicio de cubilote, para elevar hormig\u00f3n.","og_url":"https:\/\/pereesteve.com\/es\/servicios","og_site_name":"Pere Esteve","article_modified_time":"2022-07-12T13:42:05+00:00","twitter_card":"summary_large_image","twitter_misc":{"Tiempo de lectura":"4 minutos"},"schema":{"@context":"https:\/\/schema.org","@graph":[{"@type":"WebPage","@id":"https:\/\/pereesteve.com\/es\/servicios","url":"https:\/\/pereesteve.com\/es\/servicios","name":"Servicios - Pere Esteve","isPartOf":{"@id":"https:\/\/pereesteve.com\/#website"},"datePublished":"2022-06-03T11:08:55+00:00","dateModified":"2022-07-12T13:42:05+00:00","inLanguage":"es","potentialAction":[{"@type":"ReadAction","target":["https:\/\/pereesteve.com\/es\/servicios"]}]},{"@type":"WebSite","@id":"https:\/\/pereesteve.com\/#website","url":"https:\/\/pereesteve.com\/","name":"Pere Esteve","description":"Otro sitio realizado con WordPress","potentialAction":[{"@type":"SearchAction","target":{"@type":"EntryPoint","urlTemplate":"https:\/\/pereesteve.com\/?s={search_term_string}"},"query-input":{"@type":"PropertyValueSpecification","valueRequired":true,"valueName":"search_term_string"}}],"inLanguage":"es"}]}},"_links":{"self":[{"href":"https:\/\/pereesteve.com\/es\/wp-json\/wp\/v2\/pages\/987","targetHints":{"allow":["GET"]}}],"collection":[{"href":"https:\/\/pereesteve.com\/es\/wp-json\/wp\/v2\/pages"}],"about":[{"href":"https:\/\/pereesteve.com\/es\/wp-json\/wp\/v2\/types\/page"}],"author":[{"embeddable":true,"href":"https:\/\/pereesteve.com\/es\/wp-json\/wp\/v2\/users\/1"}],"replies":[{"embeddable":true,"href":"https:\/\/pereesteve.com\/es\/wp-json\/wp\/v2\/comments?post=987"}],"version-history":[{"count":5,"href":"https:\/\/pereesteve.com\/es\/wp-json\/wp\/v2\/pages\/987\/revisions"}],"predecessor-version":[{"id":1280,"href":"https:\/\/pereesteve.com\/es\/wp-json\/wp\/v2\/pages\/987\/revisions\/1280"}],"wp:attachment":[{"href":"https:\/\/pereesteve.com\/es\/wp-json\/wp\/v2\/media?parent=987"}],"curies":[{"name":"wp","href":"https:\/\/api.w.org\/{rel}","templated":true}]}}